{"id":799,"date":"2023-03-28T17:59:23","date_gmt":"2023-03-28T17:59:23","guid":{"rendered":"https:\/\/albaniatourism.al\/new\/?page_id=799"},"modified":"2023-04-03T16:12:57","modified_gmt":"2023-04-03T16:12:57","slug":"warunki-i-postanowienia","status":"publish","type":"page","link":"https:\/\/albaniatourism.al\/pl\/terms-conditions\/","title":{"rendered":"Regulamin"},"content":{"rendered":"<div class=\"gb-container gb-container-f2e36e60\">\n\n<h1 class=\"wp-block-heading\" id=\"terms-conditions\">Regulamin<\/h1>\n\n\n\n<p>Witamy na albaniatourism.al!<\/p>\n\n\n\n<p>Niniejsze warunki okre\u015blaj\u0105 zasady i regulamin korzystania ze strony internetowej Albania Tourism, dost\u0119pnej pod adresem https:\/\/albaniatourism.al\/.<\/p>\n\n\n\n<p>Korzystaj\u0105c z tej strony internetowej, przyjmujemy, \u017ce akceptujesz niniejsze warunki. Nie kontynuuj korzystania z albaniatourism.al, je\u015bli nie zgadzasz si\u0119 na wszystkie warunki podane na tej stronie.<\/p>\n\n\n\n<p>Nast\u0119puj\u0105ca terminologia ma zastosowanie do niniejszego Regulaminu, Polityki Prywatno\u015bci i Informacji o wy\u0142\u0105czeniu odpowiedzialno\u015bci oraz wszystkich Um\u00f3w: termin \u201cKlient\u201d, \u201cTy\u201d i \u201cTw\u00f3j\u201d odnosi si\u0119 do Ciebie, osoby loguj\u0105cej si\u0119 na tej stronie internetowej i przestrzegaj\u0105cej warunk\u00f3w firmy. Termin \u201cFirma\u201d, \u201cMy\u201d, \u201cNasz\u201d i \u201cNas\u201d odnosi si\u0119 do naszej firmy. Termin \u201cStrona\u201d lub \u201cStrony\u201d odnosi si\u0119 zar\u00f3wno do Klienta, jak i do nas samych. Wszystkie terminy odnosz\u0105 si\u0119 do oferty, akceptacji i rozwa\u017cenia p\u0142atno\u015bci niezb\u0119dnych do przeprowadzenia procesu \u015bwiadczenia przez nas pomocy Klientowi w spos\u00f3b najbardziej odpowiedni dla wyra\u017anego celu zaspokojenia potrzeb Klienta w zakresie \u015bwiadczenia deklarowanych przez Firm\u0119 us\u0142ug, zgodnie z obowi\u0105zuj\u0105cym prawem Niderland\u00f3w i pod jego podleganie. Jakiekolwiek u\u017cycie powy\u017cszej terminologii lub innych s\u0142\u00f3w w liczbie pojedynczej, mnogiej, wielko\u015bci liter i\/lub on\/ona lub oni, jest traktowane jako wymienne, a zatem jako odnosz\u0105ce si\u0119 do tego samego.<\/p>\n\n\n\n<h3 class=\"wp-block-heading\" id=\"cookies\"><strong>Ciasteczka<\/strong><\/h3>\n\n\n\n<p>U\u017cywamy plik\u00f3w cookie. Uzyskuj\u0105c dost\u0119p do albaniatourism.al, zgadzasz si\u0119 na u\u017cywanie plik\u00f3w cookie zgodnie z Polityk\u0105 Prywatno\u015bci Albania Tourism.<\/p>\n\n\n\n<p>Wi\u0119kszo\u015b\u0107 interaktywnych stron internetowych u\u017cywa plik\u00f3w cookie, aby\u015bmy mogli odzyska\u0107 szczeg\u00f3\u0142y u\u017cytkownika podczas ka\u017cdej wizyty. Pliki cookie s\u0105 wykorzystywane przez nasz\u0105 stron\u0119 internetow\u0105, aby umo\u017cliwi\u0107 dzia\u0142anie niekt\u00f3rych obszar\u00f3w i u\u0142atwi\u0107 odwiedzaj\u0105cym nasz\u0105 stron\u0119. Niekt\u00f3rzy z naszych partner\u00f3w afiliacyjnych\/reklamowych r\u00f3wnie\u017c mog\u0105 u\u017cywa\u0107 plik\u00f3w cookie.<\/p>\n\n\n\n<h3 class=\"wp-block-heading\" id=\"license\"><strong>Licencja<\/strong><\/h3>\n\n\n\n<p>O ile nie okre\u015blono inaczej, Albania Tourism i\/lub jego licencjodawcy posiadaj\u0105 prawa w\u0142asno\u015bci intelektualnej do wszystkich materia\u0142\u00f3w zamieszczonych na stronie albaniatourism.al. Wszelkie prawa w\u0142asno\u015bci intelektualnej s\u0105 zastrze\u017cone. Mo\u017cesz uzyskiwa\u0107 dost\u0119p do tre\u015bci ze strony albaniatourism.al do w\u0142asnego, osobistego u\u017cytku, z zastrze\u017ceniem ogranicze\u0144 okre\u015blonych w niniejszych warunkach.<\/p>\n\n\n\n<p>Nie wolno ci:<\/p>\n\n\n\n<ul class=\"wp-block-list\">\n<li>Opublikuj ponownie materia\u0142y z albaniatourism.al<\/li>\n\n\n\n<li>Sprzeda\u017c, wynajem lub sublicencjonowanie materia\u0142\u00f3w ze strony albaniatourism.al<\/li>\n\n\n\n<li>Reprodukuj, kopiuj lub powielaj materia\u0142y ze strony albaniatourism.al<\/li>\n\n\n\n<li>Dystrybuuj ponownie tre\u015bci z albaniatourism.al<\/li>\n<\/ul>\n\n\n\n<p>Cz\u0119\u015bci tej witryny oferuj\u0105 u\u017cytkownikom mo\u017cliwo\u015b\u0107 publikowania i wymiany opinii oraz informacji w okre\u015blonych obszarach witryny. Albania Tourism nie filtruje, nie edytuje, nie publikuje ani nie recenzuje Komentarzy przed ich pojawieniem si\u0119 na stronie internetowej. Komentarze nie odzwierciedlaj\u0105 pogl\u0105d\u00f3w i opinii Albania Tourism, jej agent\u00f3w i\/lub podmiot\u00f3w stowarzyszonych. Komentarze odzwierciedlaj\u0105 pogl\u0105dy i opinie osoby, kt\u00f3ra zamieszcza swoje pogl\u0105dy i opinie. W zakresie dozwolonym przez obowi\u0105zuj\u0105ce prawo, Albania Tourism nie ponosi odpowiedzialno\u015bci za Komentarze ani za \u017cadne zobowi\u0105zania, szkody lub wydatki spowodowane i\/lub poniesione w wyniku jakiegokolwiek u\u017cycia i\/lub zamieszczenia i\/lub pojawienia si\u0119 Komentarzy na tej stronie internetowej.<\/p>\n\n\n\n<p>Albania Tourism zastrzega sobie prawo do monitorowania wszystkich Komentarzy oraz usuwania wszelkich Komentarzy, kt\u00f3re mog\u0105 by\u0107 uznane za nieodpowiednie, obra\u017aliwe lub naruszaj\u0105ce niniejsze Warunki.<\/p>\n\n\n\n<p>O\u015bwiadczasz i gwarantujesz, \u017ce:<\/p>\n\n\n\n<ul class=\"wp-block-list\">\n<li>Masz prawo zamieszcza\u0107 Komentarze na naszej stronie internetowej i posiadasz wszelkie niezb\u0119dne licencje i zgody, aby to zrobi\u0107;<\/li>\n\n\n\n<li>Komentarze nie naruszaj\u0105 \u017cadnych praw w\u0142asno\u015bci intelektualnej, w tym mi\u0119dzy innymi praw autorskich, patentowych ani znak\u00f3w towarowych os\u00f3b trzecich;<\/li>\n\n\n\n<li>Komentarze nie zawieraj\u0105 \u017cadnych materia\u0142\u00f3w oszczerczych, znies\u0142awiaj\u0105cych, obra\u017aliwych, nieprzyzwoitych ani w inny spos\u00f3b niezgodnych z prawem, kt\u00f3re naruszaj\u0105 prywatno\u015b\u0107.<\/li>\n\n\n\n<li>Komentarze nie b\u0119d\u0105 wykorzystywane do reklamowania lub promowania dzia\u0142alno\u015bci gospodarczej, zwyczaj\u00f3w ani prowadzenia dzia\u0142a\u0144 komercyjnych lub niezgodnych z prawem.<\/li>\n<\/ul>\n\n\n\n<p>Niniejszym udzielasz Albania Tourism niewy\u0142\u0105cznej licencji na u\u017cywanie, powielanie, edytowanie i autoryzowanie innych do u\u017cywania, powielania i edytowania Twoich Komentarzy we wszelkich formach, formatach lub mediach.<\/p>\n\n\n\n<h3 class=\"wp-block-heading\" id=\"hyperlinking-to-our-content\"><strong>Hiper\u0142\u0105cze do naszych tre\u015bci<\/strong><\/h3>\n\n\n\n<p>Nast\u0119puj\u0105ce organizacje mog\u0105 linkowa\u0107 do naszej Strony bez uprzedniej pisemnej zgody:<\/p>\n\n\n\n<ul class=\"wp-block-list\">\n<li>Agencje rz\u0105dowe;<\/li>\n\n\n\n<li>Wyszukiwarki;<\/li>\n\n\n\n<li>Organizacje informacyjne;<\/li>\n\n\n\n<li>Dystrybutorzy katalog\u00f3w internetowych mog\u0105 umieszcza\u0107 linki do naszej Witryny w taki sam spos\u00f3b, w jaki umieszczaj\u0105 hiper\u0142\u0105cza do stron internetowych innych wymienionych firm;<\/li>\n\n\n\n<li>Systemowe Akredytowane Firmy, z wyj\u0105tkiem prosz\u0105cych o datki organizacji non-profit, charytatywnych centr\u00f3w handlowych oraz grup zbieraj\u0105cych fundusze charytatywne, kt\u00f3re nie mog\u0105 umieszcza\u0107 link\u00f3w do naszej witryny.<\/li>\n<\/ul>\n\n\n\n<p>Organizacje te mog\u0105 linkowa\u0107 do naszej strony g\u0142\u00f3wnej, publikacji lub innych informacji na stronie internetowej, pod warunkiem \u017ce link: (a) nie jest w \u017caden spos\u00f3b zwodniczy; (b) nie sugeruje fa\u0142szywie sponsorowania, poparcia ani zatwierdzenia strony linkuj\u0105cej oraz jej produkt\u00f3w i\/lub us\u0142ug; oraz (c) pasuje do kontekstu witryny strony linkuj\u0105cej.<\/p>\n\n\n\n<p>Mo\u017cemy rozwa\u017cy\u0107 i zatwierdzi\u0107 inne pro\u015bby o linki od nast\u0119puj\u0105cych typ\u00f3w organizacji:<\/p>\n\n\n\n<ul class=\"wp-block-list\">\n<li>powszechnie znane \u017ar\u00f3d\u0142a informacji konsumenckich i\/lub biznesowych;<\/li>\n\n\n\n<li>witryny internetowe dot.com;<\/li>\n\n\n\n<li>stowarzyszenia lub inne grupy reprezentuj\u0105ce organizacje charytatywne;<\/li>\n\n\n\n<li>katalog dystrybutor\u00f3w online;<\/li>\n\n\n\n<li>portale internetowe;<\/li>\n\n\n\n<li>firmy ksi\u0119gowe, prawnicze i doradcze; oraz<\/li>\n\n\n\n<li>instytucje edukacyjne i stowarzyszenia bran\u017cowe.<\/li>\n<\/ul>\n\n\n\n<p>Zatwierdzimy pro\u015bby o linki od tych organizacji, je\u015bli uznamy, \u017ce: (a) link nie b\u0119dzie nas negatywnie postrzega\u0142 przez nas samych lub nasze akredytowane firmy; (b) organizacja nie ma wobec nas \u017cadnych negatywnych zapis\u00f3w; (c) korzy\u015b\u0107 dla nas z widoczno\u015bci hiper\u0142\u0105cza rekompensuje brak Turystyki Albanii; oraz (d) link jest w kontek\u015bcie og\u00f3lnych informacji o zasobach.<\/p>\n\n\n\n<p>Te organizacje mog\u0105 linkowa\u0107 do naszej strony g\u0142\u00f3wnej, pod warunkiem \u017ce link: a) nie jest w \u017caden spos\u00f3b myl\u0105cy; b) nie sugeruje fa\u0142szywie sponsorowania, poparcia ani zatwierdzenia strony linkuj\u0105cej oraz jej produkt\u00f3w lub us\u0142ug; c) pasuje do kontekstu strony linkuj\u0105cej.<\/p>\n\n\n\n<p>Je\u015bli jeste\u015b jedn\u0105 z organizacji wymienionych w powy\u017cszym akapicie 2 i jeste\u015b zainteresowany linkowaniem do naszej strony internetowej, musisz nas o tym poinformowa\u0107, wysy\u0142aj\u0105c wiadomo\u015b\u0107 e-mail na adres Albania Tourism. Podaj swoje imi\u0119 i nazwisko, nazw\u0119 organizacji, dane kontaktowe, a tak\u017ce adres URL swojej witryny, list\u0119 wszelkich adres\u00f3w URL, z kt\u00f3rych zamierzasz linkowa\u0107 do naszej witryny, oraz list\u0119 adres\u00f3w URL na naszej stronie, do kt\u00f3rych chcia\u0142by\u015b linkowa\u0107. Poczekaj 2-3 tygodnie na odpowied\u017a.<\/p>\n\n\n\n<p>Zatwierdzone organizacje mog\u0105 w nast\u0119puj\u0105cy spos\u00f3b tworzy\u0107 hiper\u0142\u0105cza do naszej Witryny:<\/p>\n\n\n\n<ul class=\"wp-block-list\">\n<li>Poprzez u\u017cycie nazwy naszej firmy; lub<\/li>\n\n\n\n<li>Za pomoc\u0105 lokalizatora zasob\u00f3w jednolitego, do kt\u00f3rego link zosta\u0142 utworzony; lub<\/li>\n\n\n\n<li>Poprzez u\u017cycie jakiegokolwiek innego opisu naszej Witryny, do kt\u00f3rej nast\u0119puje linkowanie, kt\u00f3ry ma sens w kontek\u015bcie i formacie tre\u015bci na stronie osoby linkuj\u0105cej.<\/li>\n<\/ul>\n\n\n\n<p>Nie zezwala si\u0119 na \u017cadne u\u017cycie logo Albania Tourism ani innych grafik do tworzenia link\u00f3w bez umowy licencyjnej dotycz\u0105cej znak\u00f3w towarowych.<\/p>\n\n\n\n<h3 class=\"wp-block-heading\" id=\"iframes\"><strong>iRamki<\/strong><\/h3>\n\n\n\n<p>Bez wcze\u015bniejszej zgody i pisemnego zezwolenia, nie wolno tworzy\u0107 ramek wok\u00f3\u0142 naszych stron internetowych w spos\u00f3b, kt\u00f3ry zmienia w jakikolwiek spos\u00f3b prezentacj\u0119 wizualn\u0105 lub wygl\u0105d naszej witryny.<\/p>\n\n\n\n<h3 class=\"wp-block-heading\" id=\"content-liability\"><strong>Odpowiedzialno\u015b\u0107 za tre\u015b\u0107<\/strong><\/h3>\n\n\n\n<p>Nie ponosimy odpowiedzialno\u015bci za \u017cadne tre\u015bci, kt\u00f3re pojawiaj\u0105 si\u0119 na Pa\u0144stwa Stronie Internetowej. Zgadzaj\u0105 si\u0119 Pa\u0144stwo chroni\u0107 i broni\u0107 nas przeciwko wszelkim roszczeniom wynikaj\u0105cym z Pa\u0144stwa Strony Internetowej. \u017badne linki nie powinny pojawia\u0107 si\u0119 na \u017cadnej Stronie Internetowej, kt\u00f3re mog\u0105 by\u0107 zinterpretowane jako oszczercze, obsceniczne lub kryminalne, lub kt\u00f3re naruszaj\u0105, w inny spos\u00f3b naruszaj\u0105 lub promuj\u0105 naruszenie lub inne naruszenie praw os\u00f3b trzecich.<\/p>\n\n\n\n<h3 class=\"wp-block-heading\" id=\"your-privacy\"><strong>Twoja prywatno\u015b\u0107<\/strong><\/h3>\n\n\n\n<p>Prosz\u0119 przeczyta\u0107 Polityk\u0119 Prywatno\u015bci<\/p>\n\n\n\n<h3 class=\"wp-block-heading\" id=\"reservation-of-rights\"><strong>Zastrze\u017cenie Praw<\/strong><\/h3>\n\n\n\n<p>Zastrzegamy sobie prawo do \u017c\u0105dania usuni\u0119cia wszystkich link\u00f3w lub konkretnego linku do naszej Witryny. Zgadzasz si\u0119 natychmiast usun\u0105\u0107 wszystkie linki do naszej Witryny na \u017c\u0105danie. Zastrzegamy sobie r\u00f3wnie\u017c prawo do zmiany niniejszych warunk\u00f3w i zasad linkowania w dowolnym momencie. Kontynuuj\u0105c linkowanie do naszej Witryny, zgadzasz si\u0119 przestrzega\u0107 i stosowa\u0107 niniejsze warunki linkowania.<\/p>\n\n\n\n<h3 class=\"wp-block-heading\" id=\"removal-of-links-from-our-website\"><strong>Usuni\u0119cie link\u00f3w z naszej strony internetowej<\/strong><\/h3>\n\n\n\n<p>Je\u015bli znajdziesz na naszej stronie internetowej jakikolwiek link, kt\u00f3ry z jakiegokolwiek powodu jest obra\u017aliwy, mo\u017cesz skontaktowa\u0107 si\u0119 z nami i poinformowa\u0107 nas w dowolnym momencie. Rozwa\u017cymy pro\u015bby o usuni\u0119cie link\u00f3w, ale nie jeste\u015bmy zobowi\u0105zani do tego ani do bezpo\u015bredniego odpowiadania.<\/p>\n\n\n\n<p>Nie gwarantujemy poprawno\u015bci informacji zawartych na tej stronie internetowej, ich kompletno\u015bci ani dok\u0142adno\u015bci; nie obiecujemy r\u00f3wnie\u017c, \u017ce strona pozostanie dost\u0119pna lub \u017ce materia\u0142y na niej zawarte b\u0119d\u0105 aktualne.<\/p>\n\n\n\n<h3 class=\"wp-block-heading\" id=\"disclaimer\"><strong>Zastrze\u017cenie<\/strong><\/h3>\n\n\n\n<p>W najszerszym zakresie dozwolonym przez obowi\u0105zuj\u0105ce prawo, wykluczamy wszelkie o\u015bwiadczenia, gwarancje i warunki dotycz\u0105ce naszej strony internetowej i korzystania z niej. \u017badne z postanowie\u0144 niniejszego wy\u0142\u0105czenia odpowiedzialno\u015bci nie b\u0119dzie:<\/p>\n\n\n\n<ul class=\"wp-block-list\">\n<li>ograniczenie lub wy\u0142\u0105czenie naszej lub Pa\u0144stwa odpowiedzialno\u015bci za \u015bmier\u0107 lub obra\u017cenia cia\u0142a;<\/li>\n\n\n\n<li>ograniczy\u0107 lub wy\u0142\u0105czy\u0107 nasz\u0105 lub Pa\u0144stwa odpowiedzialno\u015b\u0107 za oszustwo lub podst\u0119pne wprowadzenie w b\u0142\u0105d;<\/li>\n\n\n\n<li>w jakikolwiek spos\u00f3b ogranicza\u0107 naszej lub twojej odpowiedzialno\u015bci, o ile nie jest to dozwolone przez obowi\u0105zuj\u0105ce prawo; lub<\/li>\n\n\n\n<li>wy\u0142\u0105czaj\u0105c wszelkie nasze lub Twoje zobowi\u0105zania, kt\u00f3re nie mog\u0105 zosta\u0107 wy\u0142\u0105czone na mocy obowi\u0105zuj\u0105cego prawa.<\/li>\n<\/ul>\n\n\n\n<p>Ograniczenia i wy\u0142\u0105czenia odpowiedzialno\u015bci okre\u015blone w niniejszym dziale i gdziekolwiek indziej w niniejszym wy\u0142\u0105czeniu odpowiedzialno\u015bci: (a) podlegaj\u0105 postanowieniom poprzedniego ust\u0119pu; oraz (b) reguluj\u0105 wszelkie odpowiedzialno\u015bci wynikaj\u0105ce z niniejszego wy\u0142\u0105czenia odpowiedzialno\u015bci, w tym odpowiedzialno\u015bci wynikaj\u0105ce z umowy, czyn\u00f3w niedozwolonych i naruszenia obowi\u0105zk\u00f3w ustawowych.<\/p>\n\n\n\n<p>Dop\u00f3ki strona internetowa oraz zawarte na niej informacje i us\u0142ugi s\u0105 udost\u0119pniane nieodp\u0142atnie, nie ponosimy odpowiedzialno\u015bci za jakiekolwiek straty lub szkody jakiegokolwiek rodzaju.<\/p>\n\n<\/div>","protected":false},"excerpt":{"rendered":"<p>Regulamin witamy na stronie albaniatourism.al! Niniejszy regulamin okre\u015bla zasady korzystania z Witryny Albania Tourism, dost\u0119pnej pod adresem https:\/\/albaniatourism.al\/. Korzystaj\u0105c z tej witryny, przyjmujemy, \u017ce akceptujesz te warunki. Nie kontynuuj korzystania z albaniatourism.al, je\u015bli nie zgadzasz si\u0119 na przyj\u0119cie wszystkich warunk\u00f3w i [\u2026] <a title=\"Regulamin\" class=\"read-more\" href=\"https:\/\/albaniatourism.al\/pl\/terms-conditions\/\" aria-label=\"Przeczytaj wi\u0119cej o Warunkach korzystania z us\u0142ugi\">Dowiedz si\u0119 wi\u0119cej<\/a><\/p>","protected":false},"author":1,"featured_media":0,"parent":0,"menu_order":0,"comment_status":"closed","ping_status":"closed","template":"","meta":{"_acf_changed":false,"_gspb_post_css":"","_kad_blocks_custom_css":"","_kad_blocks_head_custom_js":"","_kad_blocks_body_custom_js":"","_kad_blocks_footer_custom_js":"","_glsr_average":0,"_glsr_ranking":0,"_glsr_reviews":0,"footnotes":""},"class_list":["post-799","page","type-page","status-publish"],"acf":[],"taxonomy_info":[],"featured_image_src_large":false,"author_info":{"display_name":"admin","author_link":"https:\/\/albaniatourism.al\/pl\/author\/anthony\/"},"comment_info":0,"_links":{"self":[{"href":"https:\/\/albaniatourism.al\/pl\/wp-json\/wp\/v2\/pages\/799","targetHints":{"allow":["GET"]}}],"collection":[{"href":"https:\/\/albaniatourism.al\/pl\/wp-json\/wp\/v2\/pages"}],"about":[{"href":"https:\/\/albaniatourism.al\/pl\/wp-json\/wp\/v2\/types\/page"}],"author":[{"embeddable":true,"href":"https:\/\/albaniatourism.al\/pl\/wp-json\/wp\/v2\/users\/1"}],"replies":[{"embeddable":true,"href":"https:\/\/albaniatourism.al\/pl\/wp-json\/wp\/v2\/comments?post=799"}],"version-history":[{"count":3,"href":"https:\/\/albaniatourism.al\/pl\/wp-json\/wp\/v2\/pages\/799\/revisions"}],"predecessor-version":[{"id":3458,"href":"https:\/\/albaniatourism.al\/pl\/wp-json\/wp\/v2\/pages\/799\/revisions\/3458"}],"wp:attachment":[{"href":"https:\/\/albaniatourism.al\/pl\/wp-json\/wp\/v2\/media?parent=799"}],"curies":[{"name":"wp","href":"https:\/\/api.w.org\/{rel}","templated":true}]}}