{"id":797,"date":"2023-03-28T17:59:02","date_gmt":"2023-03-28T17:59:02","guid":{"rendered":"https:\/\/albaniatourism.al\/new\/?page_id=797"},"modified":"2026-01-12T19:11:54","modified_gmt":"2026-01-12T19:11:54","slug":"najczesciej-zadawane-pytania","status":"publish","type":"page","link":"https:\/\/albaniatourism.al\/pl\/faqs\/","title":{"rendered":"FAQ"},"content":{"rendered":"<p>Jakie miejsca obejmujesz?<br>Obecnie nasi przewodnicy prowadz\u0105 wycieczki po Albanii, Czarnog\u00f3rze, Kosowie, Macedonii P\u00f3\u0142nocnej, Bu\u0142garii, Rumunii, Belgradzie i kilku innych krajach.<\/p>\n\n\n\n<p>W jakich j\u0119zykach oferujecie Pa\u0144stwo wycieczki?<br>Organizujemy wycieczki w j\u0119zykach: angielskim, w\u0142oskim, niemieckim, portugalskim, francuskim, hiszpa\u0144skim, j\u0119zykach s\u0142owia\u0144skich.<\/p>\n\n\n\n<p>Czy mog\u0119 zam\u00f3wi\u0107 spersonalizowan\u0105 wycieczk\u0119?<br>Organizujemy regularne wycieczki grupowe, a tak\u017ce tworzymy spersonalizowane plany podr\u00f3\u017cy dla naszych klient\u00f3w, dostosowane do ich preferencji.<\/p>\n\n\n\n<p>Jakie wycieczki trekkingowe mog\u0119 zarezerwowa\u0107 w Pa\u0144stwa firmie?<br>Obecnie regularnie prowadzimy wycieczki trekkingowe po Albanii, Czarnog\u00f3rze, Kosowie i innych krajach Ba\u0142kan\u00f3w, a najcz\u0119\u015bciej odbywaj\u0105cymi si\u0119 s\u0105 trekking \"Szlak Ba\u0142ka\u0144skich Szczyt\u00f3w\" i trekking \"Zagorie\".<\/p>","protected":false},"excerpt":{"rendered":"<p>Jakie destynacje obejmujecie? Obecnie prowadzimy wycieczki po Albanii, Czarnog\u00f3rze, Kosowie, Macedonii P\u00f3\u0142nocnej, Bu\u0142garii, Rumunii, Belgradzie i kilku innych krajach. W jakich j\u0119zykach oferujecie wycieczki? Prowadzimy wycieczki w j\u0119zyku angielskim, w\u0142oskim, niemieckim, portugalskim, francuskim, hiszpa\u0144skim, j\u0119zykach s\u0142owia\u0144skich. Czy mog\u0119 zam\u00f3wi\u0107 wycieczk\u0119 szyt\u0105 na miar\u0119? Prowadzimy regularne grupy\u2026 <a title=\"FAQ\" class=\"read-more\" href=\"https:\/\/albaniatourism.al\/pl\/faqs\/\" aria-label=\"Przeczytaj wi\u0119cej o FAQ\">Dowiedz si\u0119 wi\u0119cej<\/a><\/p>","protected":false},"author":1,"featured_media":0,"parent":0,"menu_order":0,"comment_status":"closed","ping_status":"closed","template":"","meta":{"_acf_changed":false,"_gspb_post_css":"","_kad_blocks_custom_css":"","_kad_blocks_head_custom_js":"","_kad_blocks_body_custom_js":"","_kad_blocks_footer_custom_js":"","_glsr_average":0,"_glsr_ranking":0,"_glsr_reviews":0,"footnotes":""},"class_list":["post-797","page","type-page","status-publish"],"acf":[],"taxonomy_info":[],"featured_image_src_large":false,"author_info":{"display_name":"admin","author_link":"https:\/\/albaniatourism.al\/pl\/author\/anthony\/"},"comment_info":0,"_links":{"self":[{"href":"https:\/\/albaniatourism.al\/pl\/wp-json\/wp\/v2\/pages\/797","targetHints":{"allow":["GET"]}}],"collection":[{"href":"https:\/\/albaniatourism.al\/pl\/wp-json\/wp\/v2\/pages"}],"about":[{"href":"https:\/\/albaniatourism.al\/pl\/wp-json\/wp\/v2\/types\/page"}],"author":[{"embeddable":true,"href":"https:\/\/albaniatourism.al\/pl\/wp-json\/wp\/v2\/users\/1"}],"replies":[{"embeddable":true,"href":"https:\/\/albaniatourism.al\/pl\/wp-json\/wp\/v2\/comments?post=797"}],"version-history":[{"count":5,"href":"https:\/\/albaniatourism.al\/pl\/wp-json\/wp\/v2\/pages\/797\/revisions"}],"predecessor-version":[{"id":5096,"href":"https:\/\/albaniatourism.al\/pl\/wp-json\/wp\/v2\/pages\/797\/revisions\/5096"}],"wp:attachment":[{"href":"https:\/\/albaniatourism.al\/pl\/wp-json\/wp\/v2\/media?parent=797"}],"curies":[{"name":"wp","href":"https:\/\/api.w.org\/{rel}","templated":true}]}}