{"id":795,"date":"2023-03-28T17:58:46","date_gmt":"2023-03-28T17:58:46","guid":{"rendered":"https:\/\/albaniatourism.al\/new\/?page_id=795"},"modified":"2024-01-30T14:13:16","modified_gmt":"2024-01-30T14:13:16","slug":"kariera","status":"publish","type":"page","link":"https:\/\/albaniatourism.al\/pl\/careers\/","title":{"rendered":"Kariery"},"content":{"rendered":"<p>My w Albania Tourism zawsze szukamy wsp\u00f3\u0142pracy, niezale\u017cnie od tego, czy jeste\u015b lokalnym przewodnikiem, czy dostawc\u0105 us\u0142ug w bran\u017cy turystycznej.<br>Nasza dobra praca i satysfakcja turyst\u00f3w nie by\u0142yby mo\u017cliwe bez wsp\u00f3\u0142pracy z przewodnikami, z kt\u00f3rymi wsp\u00f3\u0142pracujemy, hotelami, z kt\u00f3rymi wsp\u00f3\u0142pracujemy, dostawcami transportu, by wymieni\u0107 tylko kilka.<br>Cieszymy si\u0119 z ka\u017cdej sugestii i z ch\u0119ci\u0105 zbadamy sposoby na lepszy rozw\u00f3j.<\/p>","protected":false},"excerpt":{"rendered":"<p>W Albania Tourism zawsze szukamy mo\u017cliwo\u015bci wsp\u00f3\u0142pracy, niezale\u017cnie od tego, czy jeste\u015b lokalnym przewodnikiem, czy dostawc\u0105 us\u0142ug turystycznych. Nasza dobra praca i zadowolenie turyst\u00f3w nie by\u0142yby mo\u017cliwe bez wsp\u00f3\u0142pracy z przewodnikami, z kt\u00f3rymi wsp\u00f3\u0142pracujemy, hotelami, z kt\u00f3rymi wsp\u00f3\u0142pracujemy, dostawcami transportu, by wymieni\u0107 tylko kilka. Z ch\u0119ci\u0105 wys\u0142uchamy wszelkich sugestii i\u2026 <a title=\"Kariery\" class=\"read-more\" href=\"https:\/\/albaniatourism.al\/pl\/careers\/\" aria-label=\"Wi\u0119cej o karierze\">Dowiedz si\u0119 wi\u0119cej<\/a><\/p>","protected":false},"author":1,"featured_media":0,"parent":0,"menu_order":0,"comment_status":"closed","ping_status":"closed","template":"","meta":{"_acf_changed":false,"_gspb_post_css":"","_kad_blocks_custom_css":"","_kad_blocks_head_custom_js":"","_kad_blocks_body_custom_js":"","_kad_blocks_footer_custom_js":"","_glsr_average":0,"_glsr_ranking":0,"_glsr_reviews":0,"footnotes":""},"class_list":["post-795","page","type-page","status-publish"],"acf":[],"taxonomy_info":[],"featured_image_src_large":false,"author_info":{"display_name":"admin","author_link":"https:\/\/albaniatourism.al\/pl\/author\/anthony\/"},"comment_info":0,"_links":{"self":[{"href":"https:\/\/albaniatourism.al\/pl\/wp-json\/wp\/v2\/pages\/795","targetHints":{"allow":["GET"]}}],"collection":[{"href":"https:\/\/albaniatourism.al\/pl\/wp-json\/wp\/v2\/pages"}],"about":[{"href":"https:\/\/albaniatourism.al\/pl\/wp-json\/wp\/v2\/types\/page"}],"author":[{"embeddable":true,"href":"https:\/\/albaniatourism.al\/pl\/wp-json\/wp\/v2\/users\/1"}],"replies":[{"embeddable":true,"href":"https:\/\/albaniatourism.al\/pl\/wp-json\/wp\/v2\/comments?post=795"}],"version-history":[{"count":2,"href":"https:\/\/albaniatourism.al\/pl\/wp-json\/wp\/v2\/pages\/795\/revisions"}],"predecessor-version":[{"id":4505,"href":"https:\/\/albaniatourism.al\/pl\/wp-json\/wp\/v2\/pages\/795\/revisions\/4505"}],"wp:attachment":[{"href":"https:\/\/albaniatourism.al\/pl\/wp-json\/wp\/v2\/media?parent=795"}],"curies":[{"name":"wp","href":"https:\/\/api.w.org\/{rel}","templated":true}]}}