{"id":3,"date":"2023-03-23T15:24:51","date_gmt":"2023-03-23T15:24:51","guid":{"rendered":"https:\/\/albaniatourism.al\/new\/?page_id=3"},"modified":"2023-04-04T14:13:31","modified_gmt":"2023-04-04T14:13:31","slug":"polityka-prywatnosci","status":"publish","type":"page","link":"https:\/\/albaniatourism.al\/pl\/privacy-policy\/","title":{"rendered":"Polityka Prywatno\u015bci"},"content":{"rendered":"<div class=\"gb-container gb-container-76149c2b\">\n\n<h1 class=\"gb-headline gb-headline-6f498185 gb-headline-text\">Polityka Prywatno\u015bci<\/h1>\n\n\n\n<h2 class=\"wp-block-heading\" id=\"who-we-are\">Kim jeste\u015bmy<\/h2>\n\n\n\n<p><strong class=\"privacy-policy-tutorial\">Proponowany tekst: <\/strong>Adres naszej strony internetowej to: https:\/\/albaniatourism.al\/.<\/p>\n\n\n\n<h2 class=\"wp-block-heading\" id=\"comments\">Komentarze<\/h2>\n\n\n\n<p><strong class=\"privacy-policy-tutorial\">Proponowany tekst: <\/strong>Kiedy odwiedzaj\u0105cy zostawiaj\u0105 komentarze na stronie, zbieramy dane wy\u015bwietlane w formularzu komentarzy, a tak\u017ce adres IP odwiedzaj\u0105cego i ci\u0105g identyfikacyjny przegl\u0105darki u\u017cytkownika, aby u\u0142atwi\u0107 wykrywanie spamu.<\/p>\n\n\n\n<p>Zanonimizowany ci\u0105g znak\u00f3w utworzony z Twojego adresu e-mail (zwany r\u00f3wnie\u017c skr\u00f3tem) mo\u017ce zosta\u0107 przekazany do us\u0142ugi Gravatar, aby sprawdzi\u0107, czy z niej korzystasz. Polityka prywatno\u015bci us\u0142ugi Gravatar jest dost\u0119pna tutaj: https:\/\/automattic.com\/privacy\/. Po zatwierdzeniu Twojego komentarza, Twoje zdj\u0119cie profilowe b\u0119dzie widoczne publicznie w kontek\u015bcie Twojego komentarza.<\/p>\n\n\n\n<h2 class=\"wp-block-heading\" id=\"media\">Media<\/h2>\n\n\n\n<p><strong class=\"privacy-policy-tutorial\">Proponowany tekst: <\/strong>Je\u015bli przesy\u0142asz obrazy na stron\u0119 internetow\u0105, powiniene\u015b unika\u0107 przesy\u0142ania obraz\u00f3w zawieraj\u0105cych dane lokalizacyjne (EXIF GPS). Odwiedzaj\u0105cy stron\u0119 internetow\u0105 mog\u0105 pobra\u0107 i wyodr\u0119bni\u0107 wszelkie dane lokalizacyjne z obraz\u00f3w na stronie.<\/p>\n\n\n\n<h2 class=\"wp-block-heading\" id=\"cookies\">Ciasteczka<\/h2>\n\n\n\n<p><strong class=\"privacy-policy-tutorial\">Proponowany tekst: <\/strong>Je\u015bli umie\u015bcisz komentarz na naszej stronie, mo\u017cesz wyrazi\u0107 zgod\u0119 na zapisanie Twojego imienia, adresu e-mail i strony internetowej w plikach cookie. S\u0105 one dla Twojej wygody, aby\u015b nie musia\u0142 ponownie wype\u0142nia\u0107 swoich danych przy zostawianiu kolejnego komentarza. Te pliki cookie b\u0119d\u0105 przechowywane przez rok.<\/p>\n\n\n\n<p>Je\u015bli odwiedzisz nasz\u0105 stron\u0119 logowania, ustawimy tymczasowe ciasteczko, aby sprawdzi\u0107, czy Twoja przegl\u0105darka akceptuje ciasteczka. To ciasteczko nie zawiera \u017cadnych danych osobowych i jest usuwane po zamkni\u0119ciu przegl\u0105darki.<\/p>\n\n\n\n<p>Po zalogowaniu si\u0119 ustawimy kilka plik\u00f3w cookie, aby zapisa\u0107 Twoje dane logowania i wybory dotycz\u0105ce wy\u015bwietlania ekranu. Pliki cookie logowania s\u0105 wa\u017cne przez dwa dni, a pliki cookie opcji ekranu przez rok. Je\u015bli wybierzesz opcj\u0119 \u201cZapami\u0119taj mnie\u201d, Twoje logowanie b\u0119dzie wa\u017cne przez dwa tygodnie. Po wylogowaniu si\u0119 z konta pliki cookie logowania zostan\u0105 usuni\u0119te.<\/p>\n\n\n\n<p>Je\u015bli edytujesz lub publikujesz artyku\u0142, w Twojej przegl\u0105darce zostanie zapisane dodatkowe ciasteczko. To ciasteczko nie zawiera \u017cadnych danych osobowych i po prostu wskazuje identyfikator posta artyku\u0142u, kt\u00f3ry w\u0142a\u015bnie edytowa\u0142e\u015b. Wygasa po 1 dniu.<\/p>\n\n\n\n<h2 class=\"wp-block-heading\" id=\"embedded-content-from-other-websites\">Osadzona zawarto\u015b\u0107 z innych stron internetowych<\/h2>\n\n\n\n<p><strong class=\"privacy-policy-tutorial\">Proponowany tekst: <\/strong>Artyku\u0142y na tej stronie mog\u0105 zawiera\u0107 osadzone tre\u015bci (np. filmy, obrazy, artyku\u0142y itp.). Osadzone tre\u015bci z innych stron internetowych zachowuj\u0105 si\u0119 dok\u0142adnie tak samo, jakby odwiedzaj\u0105cy odwiedzi\u0142 inn\u0105 stron\u0119 internetow\u0105.<\/p>\n\n\n\n<p>Te strony internetowe mog\u0105 gromadzi\u0107 dotycz\u0105ce Ci\u0119 dane, u\u017cywa\u0107 plik\u00f3w cookie, osadza\u0107 dodatkowe \u015bledzenie przez strony trzecie i monitorowa\u0107 Twoj\u0105 interakcj\u0119 z t\u0105 osadzon\u0105 zawarto\u015bci\u0105, w tym \u015bledzi\u0107 Twoj\u0105 interakcj\u0119 z osadzon\u0105 zawarto\u015bci\u0105, je\u015bli masz konto i jeste\u015b zalogowany na tej stronie.<\/p>\n\n\n\n<h2 class=\"wp-block-heading\" id=\"who-we-share-your-data-with\">Z kim udost\u0119pniamy Twoje dane<\/h2>\n\n\n\n<p><strong class=\"privacy-policy-tutorial\">Proponowany tekst: <\/strong>Je\u015bli za\u017c\u0105dasz resetowania has\u0142a, Tw\u00f3j adres IP zostanie uwzgl\u0119dniony w wiadomo\u015bci e-mail z resetowaniem.<\/p>\n\n\n\n<h2 class=\"wp-block-heading\" id=\"how-long-we-retain-your-data\">Jak d\u0142ugo przechowujemy Twoje dane<\/h2>\n\n\n\n<p><strong class=\"privacy-policy-tutorial\">Proponowany tekst: <\/strong>Je\u015bli dodasz komentarz, komentarz i jego metadane b\u0119d\u0105 przechowywane bezterminowo. Pozwala to na automatyczne rozpoznawanie i zatwierdzanie kolejnych komentarzy zamiast przetrzymywania ich w kolejce moderacji.<\/p>\n\n\n\n<p>Dla u\u017cytkownik\u00f3w, kt\u00f3rzy zarejestruj\u0105 si\u0119 na naszej stronie internetowej (je\u015bli tacy b\u0119d\u0105), przechowujemy r\u00f3wnie\u017c dane osobowe, kt\u00f3re podadz\u0105 w swoim profilu u\u017cytkownika. Wszyscy u\u017cytkownicy mog\u0105 w dowolnym momencie zobaczy\u0107, edytowa\u0107 lub usun\u0105\u0107 swoje dane osobowe (z wyj\u0105tkiem zmiany nazwy u\u017cytkownika). Administratorzy strony internetowej r\u00f3wnie\u017c mog\u0105 przegl\u0105da\u0107 i edytowa\u0107 te informacje.<\/p>\n\n\n\n<h2 class=\"wp-block-heading\" id=\"what-rights-you-have-over-your-data\">Jakie masz prawa do swoich danych<\/h2>\n\n\n\n<p><strong class=\"privacy-policy-tutorial\">Proponowany tekst: <\/strong>Je\u015bli posiadasz konto na tej stronie lub zostawia\u0142e\u015b komentarze, mo\u017cesz za\u017c\u0105da\u0107 wyeksportowanego pliku z danymi osobowymi, kt\u00f3re przechowujemy na Tw\u00f3j temat, w tym wszystkimi danymi, kt\u00f3re nam poda\u0142e\u015b. Mo\u017cesz r\u00f3wnie\u017c za\u017c\u0105da\u0107 usuni\u0119cia wszelkich danych osobowych, kt\u00f3re przechowujemy na Tw\u00f3j temat. Nie obejmuje to danych, kt\u00f3re jeste\u015bmy zobowi\u0105zani przechowywa\u0107 ze wzgl\u0119d\u00f3w administracyjnych, prawnych lub bezpiecze\u0144stwa.<\/p>\n\n\n\n<h2 class=\"wp-block-heading\" id=\"where-your-data-is-sent\">Tam, gdzie trafiaj\u0105 Twoje dane<\/h2>\n\n\n\n<p><strong class=\"privacy-policy-tutorial\">Proponowany tekst: <\/strong>Komentarze odwiedzaj\u0105cych mog\u0105 by\u0107 sprawdzane przez automatyczn\u0105 us\u0142ug\u0119 wykrywania spamu.<\/p>\n\n<\/div>","protected":false},"excerpt":{"rendered":"<p>Polityka Prywatno\u015bci\nKim jeste\u015bmy\nProponowany tekst: Nasz adres strony internetowej to: https:\/\/albaniatourism.al\/.\nKomentarze\nProponowany tekst: Kiedy odwiedzaj\u0105cy zostawiaj\u0105 komentarze na stronie, zbieramy dane widoczne w formularzu komentarzy, a tak\u017ce adres IP odwiedzaj\u0105cego i ci\u0105g znak\u00f3w agenta u\u017cytkownika przegl\u0105darki, aby pom\u00f3c w wykrywaniu spamu. Zanonimizowany ci\u0105g znak\u00f3w utworzony z Twojego adresu e-mail (r\u00f3wnie\u017c ... <a title=\"Polityka Prywatno\u015bci\" class=\"read-more\" href=\"https:\/\/albaniatourism.al\/pl\/privacy-policy\/\" aria-label=\"Przeczytaj wi\u0119cej o Polityce prywatno\u015bci\">Dowiedz si\u0119 wi\u0119cej<\/a><\/p>","protected":false},"author":1,"featured_media":0,"parent":0,"menu_order":0,"comment_status":"closed","ping_status":"closed","template":"","meta":{"_acf_changed":false,"_gspb_post_css":"","_kad_blocks_custom_css":"","_kad_blocks_head_custom_js":"","_kad_blocks_body_custom_js":"","_kad_blocks_footer_custom_js":"","_glsr_average":0,"_glsr_ranking":0,"_glsr_reviews":0,"footnotes":""},"class_list":["post-3","page","type-page","status-publish"],"acf":[],"taxonomy_info":[],"featured_image_src_large":false,"author_info":{"display_name":"admin","author_link":"https:\/\/albaniatourism.al\/pl\/author\/anthony\/"},"comment_info":0,"_links":{"self":[{"href":"https:\/\/albaniatourism.al\/pl\/wp-json\/wp\/v2\/pages\/3","targetHints":{"allow":["GET"]}}],"collection":[{"href":"https:\/\/albaniatourism.al\/pl\/wp-json\/wp\/v2\/pages"}],"about":[{"href":"https:\/\/albaniatourism.al\/pl\/wp-json\/wp\/v2\/types\/page"}],"author":[{"embeddable":true,"href":"https:\/\/albaniatourism.al\/pl\/wp-json\/wp\/v2\/users\/1"}],"replies":[{"embeddable":true,"href":"https:\/\/albaniatourism.al\/pl\/wp-json\/wp\/v2\/comments?post=3"}],"version-history":[{"count":5,"href":"https:\/\/albaniatourism.al\/pl\/wp-json\/wp\/v2\/pages\/3\/revisions"}],"predecessor-version":[{"id":3615,"href":"https:\/\/albaniatourism.al\/pl\/wp-json\/wp\/v2\/pages\/3\/revisions\/3615"}],"wp:attachment":[{"href":"https:\/\/albaniatourism.al\/pl\/wp-json\/wp\/v2\/media?parent=3"}],"curies":[{"name":"wp","href":"https:\/\/api.w.org\/{rel}","templated":true}]}}