{"id":797,"date":"2023-03-28T17:59:02","date_gmt":"2023-03-28T17:59:02","guid":{"rendered":"https:\/\/albaniatourism.al\/new\/?page_id=797"},"modified":"2026-01-12T19:11:54","modified_gmt":"2026-01-12T19:11:54","slug":"veelgestelde-vragen","status":"publish","type":"page","link":"https:\/\/albaniatourism.al\/nl\/faqs\/","title":{"rendered":"Veelgestelde vragen"},"content":{"rendered":"<p>Welke bestemmingen dekken wij?<br>Momenteel verzorgen onze gidsen rondleidingen in Albani\u00eb, Montenegro, Kosovo, R.N. Macedoni\u00eb, Bulgarije, Roemeni\u00eb, Belgrado enkele andere landen.<\/p>\n\n\n\n<p>In welke talen bieden jullie de tours aan?<br>We organiseren rondleidingen in het Engels, Italiaans, Duits, Portugees, Frans, Spaans, Slavische talen.<\/p>\n\n\n\n<p>Kan ik een op maat gemaakte tour aanvragen?<br>We organiseren regelmatig groepsrondleidingen en bieden ook op maat gemaakte reisschema's voor onze klanten op basis van hun voorkeuren.<\/p>\n\n\n\n<p>Welke trektochten kunt u boeken bij uw bedrijf?<br>Momenteel organiseren we regelmatig trektochten in Albani\u00eb, Montenegro, Kosovo en andere landen op de Balkan, waarbij de meest regelmatige tochten Peaks of the Balkans trekking en Zagorie trekking zijn.<\/p>","protected":false},"excerpt":{"rendered":"<p>What destinations do you cover?Currently our guides we are running tours in Albania, Montenegro, Kosovo, R.N. Macedonia, Bulgaria, Romania, Belgrade among a few other countries. What languages do you offer the tours ?We are running tours in English, Italian, German, Portuguese, French, Spanish, Slavic languages. Can I request a tailor made tour?We run regular group &#8230; <a title=\"Veelgestelde vragen\" class=\"read-more\" href=\"https:\/\/albaniatourism.al\/nl\/faqs\/\" aria-label=\"Read more about Faqs\">Lees meer<\/a><\/p>","protected":false},"author":1,"featured_media":0,"parent":0,"menu_order":0,"comment_status":"closed","ping_status":"closed","template":"","meta":{"_acf_changed":false,"_gspb_post_css":"","_kad_blocks_custom_css":"","_kad_blocks_head_custom_js":"","_kad_blocks_body_custom_js":"","_kad_blocks_footer_custom_js":"","_glsr_average":0,"_glsr_ranking":0,"_glsr_reviews":0,"footnotes":""},"class_list":["post-797","page","type-page","status-publish"],"acf":[],"taxonomy_info":[],"featured_image_src_large":false,"author_info":{"display_name":"admin","author_link":"https:\/\/albaniatourism.al\/nl\/author\/anthony\/"},"comment_info":0,"_links":{"self":[{"href":"https:\/\/albaniatourism.al\/nl\/wp-json\/wp\/v2\/pages\/797","targetHints":{"allow":["GET"]}}],"collection":[{"href":"https:\/\/albaniatourism.al\/nl\/wp-json\/wp\/v2\/pages"}],"about":[{"href":"https:\/\/albaniatourism.al\/nl\/wp-json\/wp\/v2\/types\/page"}],"author":[{"embeddable":true,"href":"https:\/\/albaniatourism.al\/nl\/wp-json\/wp\/v2\/users\/1"}],"replies":[{"embeddable":true,"href":"https:\/\/albaniatourism.al\/nl\/wp-json\/wp\/v2\/comments?post=797"}],"version-history":[{"count":5,"href":"https:\/\/albaniatourism.al\/nl\/wp-json\/wp\/v2\/pages\/797\/revisions"}],"predecessor-version":[{"id":5096,"href":"https:\/\/albaniatourism.al\/nl\/wp-json\/wp\/v2\/pages\/797\/revisions\/5096"}],"wp:attachment":[{"href":"https:\/\/albaniatourism.al\/nl\/wp-json\/wp\/v2\/media?parent=797"}],"curies":[{"name":"wp","href":"https:\/\/api.w.org\/{rel}","templated":true}]}}