{"id":797,"date":"2023-03-28T17:59:02","date_gmt":"2023-03-28T17:59:02","guid":{"rendered":"https:\/\/albaniatourism.al\/new\/?page_id=797"},"modified":"2026-01-12T19:11:54","modified_gmt":"2026-01-12T19:11:54","slug":"faq","status":"publish","type":"page","link":"https:\/\/albaniatourism.al\/fr\/faqs\/","title":{"rendered":"FAQ"},"content":{"rendered":"<p>Quelles destinations couvrez-vous ?<br>Actuellement, nos guides organisent des visites en Albanie, Mont\u00e9n\u00e9gro, Kosovo, R.N. Mac\u00e9doine, Bulgarie, Roumanie, Belgrade, parmi quelques autres pays.<\/p>\n\n\n\n<p>Dans quelles langues proposez-vous les visites ?<br>Nous proposons des visites en anglais, italien, allemand, portugais, fran\u00e7ais, espagnol, langues slaves.<\/p>\n\n\n\n<p>Puis-je demander un circuit sur mesure ?<br>Nous organisons des tours de groupe r\u00e9guliers et proposons \u00e9galement des itin\u00e9raires sur mesure pour nos clients en fonction de leurs pr\u00e9f\u00e9rences.<\/p>\n\n\n\n<p>Quels s\u00e9jours de randonn\u00e9e puis-je r\u00e9server aupr\u00e8s de votre entreprise ?<br>Actuellement, nous organisons r\u00e9guli\u00e8rement des randonn\u00e9es dans les Balkans, notamment en Albanie, au Mont\u00e9n\u00e9gro, au Kosovo et dans d'autres pays de la r\u00e9gion, les plus r\u00e9guli\u00e8res \u00e9tant les randonn\u00e9es des \"Peaks of the Balkans\" et des \"Zagorie\".<\/p>","protected":false},"excerpt":{"rendered":"<p>What destinations do you cover?Currently our guides we are running tours in Albania, Montenegro, Kosovo, R.N. Macedonia, Bulgaria, Romania, Belgrade among a few other countries. What languages do you offer the tours ?We are running tours in English, Italian, German, Portuguese, French, Spanish, Slavic languages. Can I request a tailor made tour?We run regular group &#8230; <a title=\"FAQ\" class=\"read-more\" href=\"https:\/\/albaniatourism.al\/fr\/faqs\/\" aria-label=\"Read more about Faqs\">Lire la suite<\/a><\/p>","protected":false},"author":1,"featured_media":0,"parent":0,"menu_order":0,"comment_status":"closed","ping_status":"closed","template":"","meta":{"_acf_changed":false,"_gspb_post_css":"","_kad_blocks_custom_css":"","_kad_blocks_head_custom_js":"","_kad_blocks_body_custom_js":"","_kad_blocks_footer_custom_js":"","_glsr_average":0,"_glsr_ranking":0,"_glsr_reviews":0,"footnotes":""},"class_list":["post-797","page","type-page","status-publish"],"acf":[],"taxonomy_info":[],"featured_image_src_large":false,"author_info":{"display_name":"admin","author_link":"https:\/\/albaniatourism.al\/fr\/author\/anthony\/"},"comment_info":0,"_links":{"self":[{"href":"https:\/\/albaniatourism.al\/fr\/wp-json\/wp\/v2\/pages\/797","targetHints":{"allow":["GET"]}}],"collection":[{"href":"https:\/\/albaniatourism.al\/fr\/wp-json\/wp\/v2\/pages"}],"about":[{"href":"https:\/\/albaniatourism.al\/fr\/wp-json\/wp\/v2\/types\/page"}],"author":[{"embeddable":true,"href":"https:\/\/albaniatourism.al\/fr\/wp-json\/wp\/v2\/users\/1"}],"replies":[{"embeddable":true,"href":"https:\/\/albaniatourism.al\/fr\/wp-json\/wp\/v2\/comments?post=797"}],"version-history":[{"count":5,"href":"https:\/\/albaniatourism.al\/fr\/wp-json\/wp\/v2\/pages\/797\/revisions"}],"predecessor-version":[{"id":5096,"href":"https:\/\/albaniatourism.al\/fr\/wp-json\/wp\/v2\/pages\/797\/revisions\/5096"}],"wp:attachment":[{"href":"https:\/\/albaniatourism.al\/fr\/wp-json\/wp\/v2\/media?parent=797"}],"curies":[{"name":"wp","href":"https:\/\/api.w.org\/{rel}","templated":true}]}}