{"id":799,"date":"2023-03-28T17:59:23","date_gmt":"2023-03-28T17:59:23","guid":{"rendered":"https:\/\/albaniatourism.al\/new\/?page_id=799"},"modified":"2023-04-03T16:12:57","modified_gmt":"2023-04-03T16:12:57","slug":"terminos-y-condiciones","status":"publish","type":"page","link":"https:\/\/albaniatourism.al\/es\/terms-conditions\/","title":{"rendered":"T\u00e9rminos y Condiciones"},"content":{"rendered":"<div class=\"gb-container gb-container-f2e36e60\">\n\n<h1 class=\"wp-block-heading\" id=\"terms-conditions\">T\u00e9rminos y Condiciones<\/h1>\n\n\n\n<p>\u00a1Bienvenido a albaniatourism.al!<\/p>\n\n\n\n<p>Estos t\u00e9rminos y condiciones describen las reglas y regulaciones para el uso del sitio web de Albania Tourism, ubicado en https:\/\/albaniatourism.al\/.<\/p>\n\n\n\n<p>Al acceder a este sitio web asumimos que aceptas estos t\u00e9rminos y condiciones. No contin\u00faes usando albaniatourism.al si no est\u00e1s de acuerdo en aceptar todos los t\u00e9rminos y condiciones establecidos en esta p\u00e1gina.<\/p>\n\n\n\n<p>La siguiente terminolog\u00eda se aplica a estos T\u00e9rminos y Condiciones, Declaraci\u00f3n de Privacidad y Aviso Legal y a todos los Acuerdos: \u201cCliente\u201d, \u201cUsted\u201d y \u201cSu\u201d se refieren a usted, la persona que accede a este sitio web y cumple los t\u00e9rminos y condiciones de la Empresa. \u201cLa Empresa\u201d, \u201cNosotros\u201d y \u201cNuestro\u201d se refieren a nuestra Empresa. \u201cParte\u201d, \u201cPartes\u201d o \u201cNosotros\u201d, se refieren tanto al Cliente como a nosotros mismos. Todos los t\u00e9rminos se refieren a la oferta, aceptaci\u00f3n y consideraci\u00f3n del pago necesario para llevar a cabo el proceso de nuestra asistencia al Cliente de la manera m\u00e1s adecuada para el prop\u00f3sito expreso de satisfacer las necesidades del Cliente con respecto a la prestaci\u00f3n de los servicios declarados por la Empresa, de acuerdo con y sujeto a la ley vigente de los Pa\u00edses Bajos. Cualquier uso de la terminolog\u00eda anterior u otras palabras en singular, plural, may\u00fasculas y\/o \u00e9l\/ella o ellos, se toman como intercambiables y, por lo tanto, como que se refieren a lo mismo.<\/p>\n\n\n\n<h3 class=\"wp-block-heading\" id=\"cookies\"><strong>Galletas<\/strong><\/h3>\n\n\n\n<p>Empleamos el uso de cookies. Al acceder a albaniatourism.al, usted acepta el uso de cookies de acuerdo con la Pol\u00edtica de Privacidad de Albania Tourism.<\/p>\n\n\n\n<p>La mayor\u00eda de los sitios web interactivos utilizan cookies para que podamos recuperar los detalles del usuario en cada visita. Nuestro sitio web utiliza cookies para permitir la funcionalidad de ciertas \u00e1reas y facilitar la visita de las personas a nuestro sitio web. Algunos de nuestros socios afiliados\/publicitarios tambi\u00e9n pueden utilizar cookies.<\/p>\n\n\n\n<h3 class=\"wp-block-heading\" id=\"license\"><strong>Licencia<\/strong><\/h3>\n\n\n\n<p>A menos que se indique lo contrario, Albania Tourism y\/o sus licenciantes poseen los derechos de propiedad intelectual de todo el material en albaniatourism.al. Todos los derechos de propiedad intelectual est\u00e1n reservados. Puede acceder a esto desde albaniatourism.al para su uso personal sujeto a las restricciones establecidas en estos t\u00e9rminos y condiciones.<\/p>\n\n\n\n<p>No debes:<\/p>\n\n\n\n<ul class=\"wp-block-list\">\n<li>Republicar material de albaniatourism.al<\/li>\n\n\n\n<li>Vender, alquilar o sublicenciar material de albaniatourism.al<\/li>\n\n\n\n<li>Reproducir, duplicar o copiar material de albaniatourism.al<\/li>\n\n\n\n<li>Redistribuir contenido de albaniatourism.al<\/li>\n<\/ul>\n\n\n\n<p>Partes de este sitio web ofrecen la oportunidad a los usuarios de publicar e intercambiar opiniones e informaci\u00f3n en ciertas \u00e1reas del sitio web. Albania Tourism no filtra, edita, publica ni revisa los Comentarios antes de que aparezcan en el sitio web. Los Comentarios no reflejan las opiniones y puntos de vista de Albania Tourism, sus agentes y\/o afiliados. Los Comentarios reflejan las opiniones y puntos de vista de la persona que publica sus opiniones y puntos de vista. En la medida permitida por las leyes aplicables, Albania Tourism no ser\u00e1 responsable de los Comentarios ni de ninguna responsabilidad, da\u00f1o o gasto causado y\/o sufrido como resultado de cualquier uso y\/o publicaci\u00f3n y\/o aparici\u00f3n de los Comentarios en este sitio web.<\/p>\n\n\n\n<p>Turismo Albania se reserva el derecho de supervisar todos los Comentarios y de eliminar cualquier Comentario que se considere inapropiado, ofensivo o que infrinja estos T\u00e9rminos y Condiciones.<\/p>\n\n\n\n<p>Usted garantiza y declara que:<\/p>\n\n\n\n<ul class=\"wp-block-list\">\n<li>Tiene derecho a publicar los Comentarios en nuestro sitio web y cuenta con todas las licencias y consentimientos necesarios para hacerlo;<\/li>\n\n\n\n<li>Los Comentarios no invaden ning\u00fan derecho de propiedad intelectual, incluidos, entre otros, los derechos de autor, patentes o marcas registradas de terceros;<\/li>\n\n\n\n<li>Los comentarios no contienen material difamatorio, calumnioso, ofensivo, indecente o ilegal de otro tipo que suponga una invasi\u00f3n de la privacidad.<\/li>\n\n\n\n<li>Los comentarios no se utilizar\u00e1n para solicitar o promover negocios o costumbres, ni para presentar actividades comerciales o ilegales.<\/li>\n<\/ul>\n\n\n\n<p>Por la presente usted otorga a Albania Tourism una licencia no exclusiva para usar, reproducir, editar y autorizar a otros a usar, reproducir y editar cualquiera de sus Comentarios en todas y cada una de las formas, formatos o medios.<\/p>\n\n\n\n<h3 class=\"wp-block-heading\" id=\"hyperlinking-to-our-content\"><strong>Enlazar a nuestro contenido<\/strong><\/h3>\n\n\n\n<p>Las siguientes organizaciones pueden enlazar a nuestro sitio web sin aprobaci\u00f3n previa por escrito:<\/p>\n\n\n\n<ul class=\"wp-block-list\">\n<li>Agencias gubernamentales;<\/li>\n\n\n\n<li>Motores de b\u00fasqueda;<\/li>\n\n\n\n<li>Organizaciones de noticias;<\/li>\n\n\n\n<li>Los distribuidores de directorios en l\u00ednea pueden enlazar a nuestro sitio web de la misma manera que hipervinculan a los sitios web de otras empresas listadas; y<\/li>\n\n\n\n<li>Empresas acreditadas en todo el sistema, excepto organizaciones sin fines de lucro solicitantes, centros comerciales de caridad y grupos de recaudaci\u00f3n de fondos de caridad que no pueden enlazar a nuestro sitio web.<\/li>\n<\/ul>\n\n\n\n<p>Estas organizaciones pueden enlazar a nuestra p\u00e1gina de inicio, a publicaciones o a informaci\u00f3n de otros sitios web, siempre y cuando el enlace: (a) no sea enga\u00f1oso de ninguna manera; (b) no implique falsamente patrocinio, respaldo o aprobaci\u00f3n del enlazador y sus productos y\/o servicios; y (c) encaje en el contexto del sitio del enlazador.<\/p>\n\n\n\n<p>Podemos considerar y aprobar otras solicitudes de enlaces de los siguientes tipos de organizaciones:<\/p>\n\n\n\n<ul class=\"wp-block-list\">\n<li>fuentes de informaci\u00f3n de consumo y\/o empresariales de conocimiento com\u00fan;<\/li>\n\n\n\n<li>sitios de la comunidad dot.com;<\/li>\n\n\n\n<li>asociaciones u otros grupos que representan a organizaciones ben\u00e9ficas;<\/li>\n\n\n\n<li>distribuidores de directorios en l\u00ednea;<\/li>\n\n\n\n<li>portales de internet;<\/li>\n\n\n\n<li>firmas de contabilidad, derecho y consultor\u00eda; y<\/li>\n\n\n\n<li>instituciones educativas y asociaciones comerciales.<\/li>\n<\/ul>\n\n\n\n<p>Aprobaremos las solicitudes de enlace de estas organizaciones si decidimos que: (a) el enlace no nos perjudicar\u00eda a nosotros ni a nuestras empresas acreditadas; (b) la organizaci\u00f3n no tiene antecedentes negativos con nosotros; (c) el beneficio de nuestra parte por la visibilidad del hiperv\u00ednculo compensa la ausencia de Albania Turismo; y (d) el enlace se encuentra en el contexto de informaci\u00f3n de recursos generales.<\/p>\n\n\n\n<p>Estas organizaciones podr\u00e1n enlazar a nuestra p\u00e1gina de inicio siempre que el enlace: (a) no sea enga\u00f1oso de ninguna manera; (b) no implique falsamente patrocinio, respaldo o aprobaci\u00f3n de la parte que enlaza y sus productos o servicios; y (c) encaje en el contexto del sitio de la parte que enlaza.<\/p>\n\n\n\n<p>Si usted es una de las organizaciones que figuran en el p\u00e1rrafo 2 anterior y est\u00e1 interesada en enlazar a nuestro sitio web, debe informarnos enviando un correo electr\u00f3nico a Albania Tourism. Por favor, incluya su nombre, el nombre de su organizaci\u00f3n, informaci\u00f3n de contacto, as\u00ed como la URL de su sitio, una lista de las URL desde las cuales tiene la intenci\u00f3n de enlazar a nuestro sitio web y una lista de las URL de nuestro sitio a las que le gustar\u00eda enlazar. Espere 2-3 semanas para recibir una respuesta.<\/p>\n\n\n\n<p>Las organizaciones aprobadas pueden enlazar a nuestro sitio web de la siguiente manera:<\/p>\n\n\n\n<ul class=\"wp-block-list\">\n<li>Por uso de nuestro nombre corporativo; o<\/li>\n\n\n\n<li>Mediante el uso del localizador uniforme de recursos al que se vincula; o<\/li>\n\n\n\n<li>Mediante el uso de cualquier otra descripci\u00f3n de nuestro Sitio Web que est\u00e9 vinculada y que tenga sentido dentro del contexto y formato del contenido del sitio de la parte que vincula.<\/li>\n<\/ul>\n\n\n\n<p>No se permitir\u00e1 el uso del logotipo de Albania Tourism ni de otras obras de arte para enlazar sin un acuerdo de licencia de marca registrada.<\/p>\n\n\n\n<h3 class=\"wp-block-heading\" id=\"iframes\"><strong>iFrames<\/strong><\/h3>\n\n\n\n<p>Sin aprobaci\u00f3n previa y permiso por escrito, no podr\u00e1 crear marcos alrededor de nuestras p\u00e1ginas web que alteren de ninguna manera la presentaci\u00f3n visual o la apariencia de nuestro sitio web.<\/p>\n\n\n\n<h3 class=\"wp-block-heading\" id=\"content-liability\"><strong>Responsabilidad del contenido<\/strong><\/h3>\n\n\n\n<p>No seremos responsables de ning\u00fan contenido que aparezca en su sitio web. Usted acepta protegernos y defendernos contra todas las reclamaciones que surjan en su sitio web. Ning\u00fan enlace debe aparecer en ning\u00fan sitio web que pueda interpretarse como difamatorio, obsceno o delictivo, o que infrinja, viole de otra manera, o abogue por la infracci\u00f3n u otra violaci\u00f3n de los derechos de terceros.<\/p>\n\n\n\n<h3 class=\"wp-block-heading\" id=\"your-privacy\"><strong>Tu Privacidad<\/strong><\/h3>\n\n\n\n<p>Por favor lea la Pol\u00edtica de privacidad<\/p>\n\n\n\n<h3 class=\"wp-block-heading\" id=\"reservation-of-rights\"><strong>Reserva de Derechos<\/strong><\/h3>\n\n\n\n<p>Nos reservamos el derecho de solicitar que elimine todos los enlaces o cualquier enlace en particular a nuestro Sitio Web. Usted acepta eliminar de inmediato todos los enlaces a nuestro Sitio Web previa solicitud. Tambi\u00e9n nos reservamos el derecho de modificar estos t\u00e9rminos y condiciones y su pol\u00edtica de enlaces en cualquier momento. Al vincularse de forma continua a nuestro Sitio Web, usted acepta estar sujeto y seguir estos t\u00e9rminos y condiciones de vinculaci\u00f3n.<\/p>\n\n\n\n<h3 class=\"wp-block-heading\" id=\"removal-of-links-from-our-website\"><strong>Eliminaci\u00f3n de enlaces de nuestro sitio web<\/strong><\/h3>\n\n\n\n<p>Si encuentra alg\u00fan enlace en nuestro sitio web que sea ofensivo por cualquier motivo, si\u00e9ntase libre de contactarnos e informarnos en cualquier momento. Consideraremos solicitudes para eliminar enlaces, pero no estamos obligados a hacerlo ni a responderle directamente.<\/p>\n\n\n\n<p>No garantizamos que la informaci\u00f3n en este sitio web sea correcta, ni garantizamos su exhaustividad o precisi\u00f3n; tampoco prometemos garantizar que el sitio web permanezca disponible o que el material del sitio web se mantenga actualizado.<\/p>\n\n\n\n<h3 class=\"wp-block-heading\" id=\"disclaimer\"><strong>Descargo de responsabilidad<\/strong><\/h3>\n\n\n\n<p>En la medida m\u00e1xima permitida por la ley aplicable, excluimos todas las representaciones, garant\u00edas y condiciones relativas a nuestro sitio web y al uso de este sitio web. Nada en este descargo de responsabilidad:<\/p>\n\n\n\n<ul class=\"wp-block-list\">\n<li>limitar o excluir nuestra o tu responsabilidad por muerte o lesiones personales;<\/li>\n\n\n\n<li>limitar o excluir nuestra o su responsabilidad por fraude o tergiversaci\u00f3n fraudulenta;<\/li>\n\n\n\n<li>limitar cualesquiera de nuestras o tus responsabilidades de cualquier manera que no est\u00e9 permitida por la ley aplicable; o<\/li>\n\n\n\n<li>excluir cualesquiera de nuestras o sus responsabilidades que no puedan ser excluidas conforme a la ley aplicable.<\/li>\n<\/ul>\n\n\n\n<p>Las limitaciones y prohibiciones de responsabilidad establecidas en esta Secci\u00f3n y en otras partes de este descargo de responsabilidad: (a) est\u00e1n sujetas al p\u00e1rrafo anterior; y (b) rigen todas las responsabilidades que surjan en virtud del descargo de responsabilidad, incluidas las responsabilidades que surjan en virtud de contrato, en responsabilidad extracontractual y por incumplimiento de un deber legal.<\/p>\n\n\n\n<p>Siempre que el sitio web y la informaci\u00f3n y los servicios del sitio web se proporcionen de forma gratuita, no seremos responsables de ninguna p\u00e9rdida o da\u00f1o de ninguna naturaleza.<\/p>\n\n<\/div>","protected":false},"excerpt":{"rendered":"<p>T\u00e9rminos y Condiciones \u00a1Bienvenido a albaniatourism.al! Estos t\u00e9rminos y condiciones describen las reglas y regulaciones para el uso del sitio web de Albania Tourism, ubicado en https:\/\/albaniatourism.al\/. Al acceder a este sitio web asumimos que acepta estos t\u00e9rminos y condiciones. No contin\u00fae usando albaniatourism.al si no est\u00e1 de acuerdo con aceptar todos los t\u00e9rminos y... <a title=\"T\u00e9rminos y Condiciones\" class=\"read-more\" href=\"https:\/\/albaniatourism.al\/es\/terms-conditions\/\" aria-label=\"Leer m\u00e1s sobre T\u00e9rminos y Condiciones\">Leer m\u00e1s<\/a><\/p>","protected":false},"author":1,"featured_media":0,"parent":0,"menu_order":0,"comment_status":"closed","ping_status":"closed","template":"","meta":{"_acf_changed":false,"_gspb_post_css":"","_kad_blocks_custom_css":"","_kad_blocks_head_custom_js":"","_kad_blocks_body_custom_js":"","_kad_blocks_footer_custom_js":"","_glsr_average":0,"_glsr_ranking":0,"_glsr_reviews":0,"footnotes":""},"class_list":["post-799","page","type-page","status-publish"],"acf":[],"taxonomy_info":[],"featured_image_src_large":false,"author_info":{"display_name":"admin","author_link":"https:\/\/albaniatourism.al\/es\/author\/anthony\/"},"comment_info":0,"_links":{"self":[{"href":"https:\/\/albaniatourism.al\/es\/wp-json\/wp\/v2\/pages\/799","targetHints":{"allow":["GET"]}}],"collection":[{"href":"https:\/\/albaniatourism.al\/es\/wp-json\/wp\/v2\/pages"}],"about":[{"href":"https:\/\/albaniatourism.al\/es\/wp-json\/wp\/v2\/types\/page"}],"author":[{"embeddable":true,"href":"https:\/\/albaniatourism.al\/es\/wp-json\/wp\/v2\/users\/1"}],"replies":[{"embeddable":true,"href":"https:\/\/albaniatourism.al\/es\/wp-json\/wp\/v2\/comments?post=799"}],"version-history":[{"count":3,"href":"https:\/\/albaniatourism.al\/es\/wp-json\/wp\/v2\/pages\/799\/revisions"}],"predecessor-version":[{"id":3458,"href":"https:\/\/albaniatourism.al\/es\/wp-json\/wp\/v2\/pages\/799\/revisions\/3458"}],"wp:attachment":[{"href":"https:\/\/albaniatourism.al\/es\/wp-json\/wp\/v2\/media?parent=799"}],"curies":[{"name":"wp","href":"https:\/\/api.w.org\/{rel}","templated":true}]}}