{"id":795,"date":"2023-03-28T17:58:46","date_gmt":"2023-03-28T17:58:46","guid":{"rendered":"https:\/\/albaniatourism.al\/new\/?page_id=795"},"modified":"2024-01-30T14:13:16","modified_gmt":"2024-01-30T14:13:16","slug":"carreras","status":"publish","type":"page","link":"https:\/\/albaniatourism.al\/es\/careers\/","title":{"rendered":"Carreras"},"content":{"rendered":"<p>En Albania Turismo siempre buscamos cooperar, ya seas un gu\u00eda local o un proveedor de servicios en el \u00e1rea tur\u00edstica.<br>Nuestro buen trabajo y la satisfacci\u00f3n de los turistas no ser\u00edan posibles sin la cooperaci\u00f3n de los gu\u00edas tur\u00edsticos con los que operamos, los hoteles con los que cooperamos, los proveedores de transporte, por nombrar solo algunos.<br>Nos complace escuchar cualquier sugerencia y explorar formas de mejorar.<\/p>","protected":false},"excerpt":{"rendered":"<p>En Albania Tourism siempre buscamos cooperar, ya seas un gu\u00eda local o un proveedor de servicios en el \u00e1rea tur\u00edstica. Nuestro buen trabajo y la satisfacci\u00f3n del turista no ser\u00edan posibles sin la cooperaci\u00f3n de los gu\u00edas tur\u00edsticos con los que trabajamos, los hoteles con los que cooperamos, los proveedores de transporte, por nombrar solo algunos. Nos complace escuchar cualquier sugerencia y... <a title=\"Carreras\" class=\"read-more\" href=\"https:\/\/albaniatourism.al\/es\/careers\/\" aria-label=\"Leer m\u00e1s sobre Carreras\">Leer m\u00e1s<\/a><\/p>","protected":false},"author":1,"featured_media":0,"parent":0,"menu_order":0,"comment_status":"closed","ping_status":"closed","template":"","meta":{"_acf_changed":false,"_gspb_post_css":"","_kad_blocks_custom_css":"","_kad_blocks_head_custom_js":"","_kad_blocks_body_custom_js":"","_kad_blocks_footer_custom_js":"","_glsr_average":0,"_glsr_ranking":0,"_glsr_reviews":0,"footnotes":""},"class_list":["post-795","page","type-page","status-publish"],"acf":[],"taxonomy_info":[],"featured_image_src_large":false,"author_info":{"display_name":"admin","author_link":"https:\/\/albaniatourism.al\/es\/author\/anthony\/"},"comment_info":0,"_links":{"self":[{"href":"https:\/\/albaniatourism.al\/es\/wp-json\/wp\/v2\/pages\/795","targetHints":{"allow":["GET"]}}],"collection":[{"href":"https:\/\/albaniatourism.al\/es\/wp-json\/wp\/v2\/pages"}],"about":[{"href":"https:\/\/albaniatourism.al\/es\/wp-json\/wp\/v2\/types\/page"}],"author":[{"embeddable":true,"href":"https:\/\/albaniatourism.al\/es\/wp-json\/wp\/v2\/users\/1"}],"replies":[{"embeddable":true,"href":"https:\/\/albaniatourism.al\/es\/wp-json\/wp\/v2\/comments?post=795"}],"version-history":[{"count":2,"href":"https:\/\/albaniatourism.al\/es\/wp-json\/wp\/v2\/pages\/795\/revisions"}],"predecessor-version":[{"id":4505,"href":"https:\/\/albaniatourism.al\/es\/wp-json\/wp\/v2\/pages\/795\/revisions\/4505"}],"wp:attachment":[{"href":"https:\/\/albaniatourism.al\/es\/wp-json\/wp\/v2\/media?parent=795"}],"curies":[{"name":"wp","href":"https:\/\/api.w.org\/{rel}","templated":true}]}}