{"id":3,"date":"2023-03-23T15:24:51","date_gmt":"2023-03-23T15:24:51","guid":{"rendered":"https:\/\/albaniatourism.al\/new\/?page_id=3"},"modified":"2023-04-04T14:13:31","modified_gmt":"2023-04-04T14:13:31","slug":"politica-de-privacidad","status":"publish","type":"page","link":"https:\/\/albaniatourism.al\/es\/privacy-policy\/","title":{"rendered":"Pol\u00edtica de Privacidad"},"content":{"rendered":"<div class=\"gb-container gb-container-76149c2b\">\n\n<h1 class=\"gb-headline gb-headline-6f498185 gb-headline-text\">Pol\u00edtica de Privacidad<\/h1>\n\n\n\n<h2 class=\"wp-block-heading\" id=\"who-we-are\">Qui\u00e9nes somos<\/h2>\n\n\n\n<p><strong class=\"privacy-policy-tutorial\">Texto sugerido: <\/strong>La direcci\u00f3n de nuestro sitio web es: https:\/\/albaniatourism.al\/.<\/p>\n\n\n\n<h2 class=\"wp-block-heading\" id=\"comments\">Comentarios<\/h2>\n\n\n\n<p><strong class=\"privacy-policy-tutorial\">Texto sugerido: <\/strong>Cuando los visitantes dejan comentarios en el sitio, recopilamos los datos que se muestran en el formulario de comentarios y tambi\u00e9n la direcci\u00f3n IP del visitante y la cadena de agente de usuario del navegador para ayudar en la detecci\u00f3n de spam.<\/p>\n\n\n\n<p>Es posible que se proporcione una cadena anonimizada creada a partir de su direcci\u00f3n de correo electr\u00f3nico (tambi\u00e9n llamada hash) al servicio Gravatar para ver si lo est\u00e1 utilizando. La pol\u00edtica de privacidad del servicio Gravatar est\u00e1 disponible aqu\u00ed: https:\/\/automattic.com\/privacy\/. Una vez aprobado su comentario, su foto de perfil ser\u00e1 visible para el p\u00fablico en el contexto de su comentario.<\/p>\n\n\n\n<h2 class=\"wp-block-heading\" id=\"media\">Medio<\/h2>\n\n\n\n<p><strong class=\"privacy-policy-tutorial\">Texto sugerido: <\/strong>Si subes im\u00e1genes a la p\u00e1gina web, debes evitar subir im\u00e1genes que incluyan datos de ubicaci\u00f3n incrustados (GPS EXIF). Los visitantes de la p\u00e1gina web pueden descargar y extraer cualquier dato de ubicaci\u00f3n de las im\u00e1genes en la p\u00e1gina web.<\/p>\n\n\n\n<h2 class=\"wp-block-heading\" id=\"cookies\">Galletas<\/h2>\n\n\n\n<p><strong class=\"privacy-policy-tutorial\">Texto sugerido: <\/strong>Si deja un comentario en nuestro sitio, puede optar por guardar su nombre, direcci\u00f3n de correo electr\u00f3nico y sitio web en cookies. Estos son para su conveniencia, para que no tenga que completar sus datos nuevamente cuando deje otro comentario. Estas cookies durar\u00e1n un a\u00f1o.<\/p>\n\n\n\n<p>Si visitas nuestra p\u00e1gina de inicio de sesi\u00f3n, estableceremos una cookie temporal para determinar si tu navegador acepta cookies. Esta cookie no contiene datos personales y se descarta al cerrar el navegador.<\/p>\n\n\n\n<p>Cuando inicies sesi\u00f3n, tambi\u00e9n configuraremos varias cookies para guardar tu informaci\u00f3n de inicio de sesi\u00f3n y tus opciones de visualizaci\u00f3n de pantalla. Las cookies de inicio de sesi\u00f3n duran dos d\u00edas, y las cookies de opciones de pantalla duran un a\u00f1o. Si seleccionas \u201cRecordarme\u201d, tu inicio de sesi\u00f3n persistir\u00e1 durante dos semanas. Si cierras la sesi\u00f3n de tu cuenta, se eliminar\u00e1n las cookies de inicio de sesi\u00f3n.<\/p>\n\n\n\n<p>Si editas o publicas un art\u00edculo, se guardar\u00e1 una cookie adicional en tu navegador. Esta cookie no incluye datos personales y simplemente indica el ID de la publicaci\u00f3n del art\u00edculo que acabas de editar. Caduca despu\u00e9s de 1 d\u00eda.<\/p>\n\n\n\n<h2 class=\"wp-block-heading\" id=\"embedded-content-from-other-websites\">Contenido incrustado de otros sitios web<\/h2>\n\n\n\n<p><strong class=\"privacy-policy-tutorial\">Texto sugerido: <\/strong>Los art\u00edculos de este sitio pueden incluir contenido incrustado (por ejemplo, v\u00eddeos, im\u00e1genes, art\u00edculos, etc.). El contenido incrustado de otros sitios web se comporta exactamente de la misma manera que si el visitante hubiera visitado el otro sitio web.<\/p>\n\n\n\n<p>Estos sitios web pueden recopilar datos sobre ti, usar cookies, integrar seguimiento adicional de terceros y monitorear tu interacci\u00f3n con ese contenido incrustado, incluido el seguimiento de tu interacci\u00f3n con el contenido incrustado si tienes una cuenta y has iniciado sesi\u00f3n en ese sitio web.<\/p>\n\n\n\n<h2 class=\"wp-block-heading\" id=\"who-we-share-your-data-with\">Con qui\u00e9n compartimos tus datos<\/h2>\n\n\n\n<p><strong class=\"privacy-policy-tutorial\">Texto sugerido: <\/strong>Si solicitas un restablecimiento de contrase\u00f1a, tu direcci\u00f3n IP se incluir\u00e1 en el correo electr\u00f3nico de restablecimiento.<\/p>\n\n\n\n<h2 class=\"wp-block-heading\" id=\"how-long-we-retain-your-data\">Cu\u00e1nto tiempo conservamos tus datos<\/h2>\n\n\n\n<p><strong class=\"privacy-policy-tutorial\">Texto sugerido: <\/strong>Si dejas un comentario, el comentario y sus metadatos se conservan indefinidamente. Esto es para que podamos reconocer y aprobar cualquier comentario de seguimiento autom\u00e1ticamente en lugar de retenerlos en una cola de moderaci\u00f3n.<\/p>\n\n\n\n<p>Para los usuarios que se registren en nuestro sitio web (si los hubiera), tambi\u00e9n almacenamos la informaci\u00f3n personal que proporcionen en su perfil de usuario. Todos los usuarios pueden ver, editar o eliminar su informaci\u00f3n personal en cualquier momento (excepto que no pueden cambiar su nombre de usuario). Los administradores del sitio web tambi\u00e9n pueden ver y editar esa informaci\u00f3n.<\/p>\n\n\n\n<h2 class=\"wp-block-heading\" id=\"what-rights-you-have-over-your-data\">Qu\u00e9 derechos tienes sobre tus datos<\/h2>\n\n\n\n<p><strong class=\"privacy-policy-tutorial\">Texto sugerido: <\/strong>Si tienes una cuenta en este sitio, o has dejado comentarios, puedes solicitar recibir un archivo exportado de los datos personales que tenemos sobre ti, incluyendo cualquier dato que nos hayas proporcionado. Tambi\u00e9n puedes solicitar que borremos cualquier dato personal que tengamos sobre ti. Esto no incluye ning\u00fan dato que estemos obligados a conservar por motivos administrativos, legales o de seguridad.<\/p>\n\n\n\n<h2 class=\"wp-block-heading\" id=\"where-your-data-is-sent\">A d\u00f3nde se env\u00edan sus datos<\/h2>\n\n\n\n<p><strong class=\"privacy-policy-tutorial\">Texto sugerido: <\/strong>Los comentarios de los visitantes pueden ser revisados a trav\u00e9s de un servicio automatizado de detecci\u00f3n de spam.<\/p>\n\n<\/div>","protected":false},"excerpt":{"rendered":"<p>Pol\u00edtica de privacidad Qui\u00e9nes somos Texto sugerido: La direcci\u00f3n de nuestro sitio web es: https:\/\/albaniatourism.al\/. Comentarios Texto sugerido: Cuando los visitantes dejan comentarios en el sitio, recopilamos los datos que se muestran en el formulario de comentarios y tambi\u00e9n la direcci\u00f3n IP del visitante y la cadena de agente de usuario del navegador para ayudar a la detecci\u00f3n de spam. Una cadena anonimizada creada a partir de tu direcci\u00f3n de correo electr\u00f3nico (tambi\u00e9n... <a title=\"Pol\u00edtica de Privacidad\" class=\"read-more\" href=\"https:\/\/albaniatourism.al\/es\/privacy-policy\/\" aria-label=\"Leer m\u00e1s sobre la Pol\u00edtica de privacidad\">Leer m\u00e1s<\/a><\/p>","protected":false},"author":1,"featured_media":0,"parent":0,"menu_order":0,"comment_status":"closed","ping_status":"closed","template":"","meta":{"_acf_changed":false,"_gspb_post_css":"","_kad_blocks_custom_css":"","_kad_blocks_head_custom_js":"","_kad_blocks_body_custom_js":"","_kad_blocks_footer_custom_js":"","_glsr_average":0,"_glsr_ranking":0,"_glsr_reviews":0,"footnotes":""},"class_list":["post-3","page","type-page","status-publish"],"acf":[],"taxonomy_info":[],"featured_image_src_large":false,"author_info":{"display_name":"admin","author_link":"https:\/\/albaniatourism.al\/es\/author\/anthony\/"},"comment_info":0,"_links":{"self":[{"href":"https:\/\/albaniatourism.al\/es\/wp-json\/wp\/v2\/pages\/3","targetHints":{"allow":["GET"]}}],"collection":[{"href":"https:\/\/albaniatourism.al\/es\/wp-json\/wp\/v2\/pages"}],"about":[{"href":"https:\/\/albaniatourism.al\/es\/wp-json\/wp\/v2\/types\/page"}],"author":[{"embeddable":true,"href":"https:\/\/albaniatourism.al\/es\/wp-json\/wp\/v2\/users\/1"}],"replies":[{"embeddable":true,"href":"https:\/\/albaniatourism.al\/es\/wp-json\/wp\/v2\/comments?post=3"}],"version-history":[{"count":5,"href":"https:\/\/albaniatourism.al\/es\/wp-json\/wp\/v2\/pages\/3\/revisions"}],"predecessor-version":[{"id":3615,"href":"https:\/\/albaniatourism.al\/es\/wp-json\/wp\/v2\/pages\/3\/revisions\/3615"}],"wp:attachment":[{"href":"https:\/\/albaniatourism.al\/es\/wp-json\/wp\/v2\/media?parent=3"}],"curies":[{"name":"wp","href":"https:\/\/api.w.org\/{rel}","templated":true}]}}